{"id":884,"date":"2025-04-27T16:54:27","date_gmt":"2025-04-27T16:54:27","guid":{"rendered":"https:\/\/generoysantidadmarruecos.usal.es\/?page_id=884"},"modified":"2025-04-27T16:54:27","modified_gmt":"2025-04-27T16:54:27","slug":"articulos-de-enciclopedias-cientificas","status":"publish","type":"page","link":"https:\/\/generoysantidadmarruecos.usal.es\/en\/articulos-de-enciclopedias-cientificas\/","title":{"rendered":"(Espa\u00f1ol) Art\u00edculos de enciclopedias cient\u00edficas"},"content":{"rendered":"<p class=\"qtranxs-available-languages-message qtranxs-available-languages-message-en\">Sorry, this entry is only available in <a href=\"https:\/\/generoysantidadmarruecos.usal.es\/es\/wp-json\/wp\/v2\/pages\/884\" class=\"qtranxs-available-language-link qtranxs-available-language-link-es\" title=\"Espa\u00f1ol\">Espa\u00f1ol<\/a>.<\/p>","protected":false},"excerpt":{"rendered":"<p>Sorry, this entry is only available in Espa\u00f1ol.<\/p>\n","protected":false},"author":92,"featured_media":0,"parent":0,"menu_order":0,"comment_status":"closed","ping_status":"closed","template":"","meta":{"footnotes":""},"class_list":["post-884","page","type-page","status-publish","hentry"],"aioseo_notices":[],"_links":{"self":[{"href":"https:\/\/generoysantidadmarruecos.usal.es\/en\/wp-json\/wp\/v2\/pages\/884","targetHints":{"allow":["GET"]}}],"collection":[{"href":"https:\/\/generoysantidadmarruecos.usal.es\/en\/wp-json\/wp\/v2\/pages"}],"about":[{"href":"https:\/\/generoysantidadmarruecos.usal.es\/en\/wp-json\/wp\/v2\/types\/page"}],"author":[{"embeddable":true,"href":"https:\/\/generoysantidadmarruecos.usal.es\/en\/wp-json\/wp\/v2\/users\/92"}],"replies":[{"embeddable":true,"href":"https:\/\/generoysantidadmarruecos.usal.es\/en\/wp-json\/wp\/v2\/comments?post=884"}],"version-history":[{"count":1,"href":"https:\/\/generoysantidadmarruecos.usal.es\/en\/wp-json\/wp\/v2\/pages\/884\/revisions"}],"predecessor-version":[{"id":885,"href":"https:\/\/generoysantidadmarruecos.usal.es\/en\/wp-json\/wp\/v2\/pages\/884\/revisions\/885"}],"wp:attachment":[{"href":"https:\/\/generoysantidadmarruecos.usal.es\/en\/wp-json\/wp\/v2\/media?parent=884"}],"curies":[{"name":"wp","href":"https:\/\/api.w.org\/{rel}","templated":true}]}}