{"id":670,"date":"2021-03-03T17:52:30","date_gmt":"2021-03-03T17:52:30","guid":{"rendered":"http:\/\/diarium.usal.es\/raelhour\/?page_id=670"},"modified":"2021-03-03T17:52:30","modified_gmt":"2021-03-03T17:52:30","slug":"proyecto-innovacion-docente-2021","status":"publish","type":"page","link":"https:\/\/generoysantidadmarruecos.usal.es\/en\/proyecto-innovacion-docente-2021\/","title":{"rendered":"Proyecto Innovaci\u00f3n Docente 2021"},"content":{"rendered":"<p>T\u00edtulo<\/p>\n<p>C\u00f3digo<\/p>\n<p>Miembors:<\/p>\n<p>Coordimador: Rachid El Hour<\/p>\n<p>Teresa Soto Gonz\u00e1lez<\/p>\n<p>Virginia V\u00e1zquez Hern\u00e1ndez<\/p>\n","protected":false},"excerpt":{"rendered":"<p>T\u00edtulo C\u00f3digo Miembors: Coordimador: Rachid El Hour Teresa Soto Gonz\u00e1lez Virginia V\u00e1zquez Hern\u00e1ndez<\/p>\n","protected":false},"author":92,"featured_media":0,"parent":0,"menu_order":0,"comment_status":"closed","ping_status":"open","template":"","meta":{"footnotes":""},"class_list":["post-670","page","type-page","status-publish","hentry"],"aioseo_notices":[],"_links":{"self":[{"href":"https:\/\/generoysantidadmarruecos.usal.es\/en\/wp-json\/wp\/v2\/pages\/670","targetHints":{"allow":["GET"]}}],"collection":[{"href":"https:\/\/generoysantidadmarruecos.usal.es\/en\/wp-json\/wp\/v2\/pages"}],"about":[{"href":"https:\/\/generoysantidadmarruecos.usal.es\/en\/wp-json\/wp\/v2\/types\/page"}],"author":[{"embeddable":true,"href":"https:\/\/generoysantidadmarruecos.usal.es\/en\/wp-json\/wp\/v2\/users\/92"}],"replies":[{"embeddable":true,"href":"https:\/\/generoysantidadmarruecos.usal.es\/en\/wp-json\/wp\/v2\/comments?post=670"}],"version-history":[{"count":0,"href":"https:\/\/generoysantidadmarruecos.usal.es\/en\/wp-json\/wp\/v2\/pages\/670\/revisions"}],"wp:attachment":[{"href":"https:\/\/generoysantidadmarruecos.usal.es\/en\/wp-json\/wp\/v2\/media?parent=670"}],"curies":[{"name":"wp","href":"https:\/\/api.w.org\/{rel}","templated":true}]}}