{"id":447,"date":"2014-09-06T20:27:00","date_gmt":"2014-09-06T20:27:00","guid":{"rendered":"http:\/\/diarium.usal.es\/raelhour\/?page_id=447"},"modified":"2014-09-06T20:27:00","modified_gmt":"2014-09-06T20:27:00","slug":"proyectos-de-investigacion2","status":"publish","type":"page","link":"https:\/\/generoysantidadmarruecos.usal.es\/en\/proyectos-de-investigacion2\/","title":{"rendered":"Proyecto de investigaci\u00f3n I+D+I 2011 (continuaci\u00f3n)"},"content":{"rendered":"<p>Actividades dentro del Marco del Proyecto de Investigaci\u00f3n: &#8220;Hagiograf\u00edas y Literatura hagiogr\u00e1ficas en al-Andalus y el Magreb desde la \u00e9poca medieval hasta la actualidad: cuestiones de identidad cultural y religiosa&#8221; (N\u00ba Refrencia FFI2011, 24049): Continuaci\u00f3n<\/p>\n<p><strong><span style=\"text-decoration: underline\">Congresos y reuniones cient\u00edficas<\/span><\/strong><\/p>\n<p>16. Rachid El Hour, Congreso Internacional, &#8220;Lenguas, memorias y lecturas de la alteridad, Jbala, Ghomara y Rif&#8221;<strong><br \/>\n<\/strong><\/p>\n<p>T\u00f1itulo de la contribuci\u00f3n: &#8220;Lalla Aisa al-jadra y la memoria hist\u00f3rica de la ciudad de Ksar el kebir&#8221;<\/p>\n<p>Zaragoza: Universidad, 8-10 de septiembre de 2014<strong><br \/>\n<\/strong><\/p>\n<p>17. Rachid El Hour, Coloquio Internacional, &#8220;1\u00ba Coloquio Internacional de Pameolog\u00eda y Dialectorlog\u00eda \u00e1rabe&#8221;<\/p>\n<p>T\u00edtulo de comunicaci\u00f3n: &#8220;Reflexiones hist\u00f3ricas y ling\u00fc\u00edsticas acerca de la documentaci\u00f3n \u00e1rabe tunecina de la Biblioteca de Parma-Italia&#8221;<\/p>\n<p>Madrid: Universidad Complutense, 25-26 de septiembre de 2014<\/p>\n<p>18. Manuela Mar\u00edn, Coloquio Internaciona &#8220;Hagiograf\u00eda y cuestiones de Identidad Cultural y Religisosa en Islam&#8221;, Organizaci\u00f3n rachid El Hour y Manuela Mar\u00edn<\/p>\n<p>T\u00edtulo de la comunicaci\u00f3n:<\/p>\n<p>Universidad de Salamanca, 4-5- noviembre de 2014<\/p>\n<p>19. Rachid El Hour, Coloquio internacional &#8220;Hagiograf\u00edas y cuestiones de Identidad cultural en el islam&#8221;, Organizaci\u00f3n rachid El Hour y Manuela mar\u00edn<\/p>\n<p>Universidad de Salamanca, 4-5 de noviembre de 2014<\/p>\n<p>20. Virginia V\u00e1zquez, Coloquio internacional &#8220;Hagiograf\u00edas y cuestiones de Identidad cultural en el islam&#8221;, Organizaci\u00f3n rachid El Hour y Manuela mar\u00edn<\/p>\n<p>Universidad de Salamanca, 4-5 de noviembre de 2014<\/p>\n<p>21. Congreso Internacional, &#8220;Fragmentos del Poemario de Antonio Rodr\u00edguez Guadiola&#8221;<\/p>\n<p>Titulo de la comunicaci\u00f3n: &#8220;Referencias culturales de la cuidad de Ksar el kebir en el poemario de Rodr\u00edguez Guardiola&#8221; (En lengua \u00e1rabe)<\/p>\n<p>Ksar El Kebir, Marruecos,\u00a0 11 de diciembre de 2014.<\/p>\n<p>22. Congreso internacional &#8220;G\u00e9nero, Ciudadan\u00eda y Deerechos Humanos&#8221;.<\/p>\n<p>T\u00edtulo de la comunicaci\u00f3n: &#8220;La memoria hist\u00f3rica de la ciudad de Ksar el kebir vista desde la santidad femenina. El caso de lalla `Aysa al-Jadra&#8221;<\/p>\n<p>Tetu\u00e1n, Marruecos, 8-10 dicembre de 2014.<\/p>\n<p>23. Congreso Internacional, Madrid, &#8220;History of the Book in the Islamicate World&#8221;. Presidir la sesi\u00f3n 9. Madrid 11 de Marzo 2015<\/p>\n<p>24. Congreso Internacional: &#8220;Santos y santidad en el Cristianismo, Judaismo e islam: un estudio comparativo (siglos XIII-XV)&#8221;.<\/p>\n<p>T\u00edtulo de la comunicaci\u00f3n: &#8220;Modelos de santidad en el Occidente Isl\u00e1mico. Los casos de los santones al-Yuh\u00e2nisi\u00ee y Ab\u00fb Ya`z\u00e0&#8221;<\/p>\n<p>Barcelonna, 27-28 de marzo de 2015.<\/p>\n<p>25. Rachid El Hour, 2015, Congreso Internacional: \u201cHacia la consolidaci\u00f3n de un espacio compartido\u201d Primer Encuentro Nacional de Intelectuales y profesionales de Origen Marroqu\u00ed.<\/p>\n<p>T\u00edtulo de comunicaci\u00f3n: \u201cHacia la consolidad de un espacio cient\u00edfico-intelectual entre Espa\u00f1a y Marruecos\u201d, Madrid 12-13 de junio<\/p>\n<div>\n<p>26. Rachid El Hour, 2015\u00a0\u00a0\u00a0\u00a0 Congreso Internacional-Homenaje a Pedro Mont\u00e1nez-Estudios\u00a0 de Frontera-9. Econom\u00eda, Derecho y Sociedad en la Frontera,<\/p>\n<p>T\u00edtulo de comunicaci\u00f3n: \u201c\u201cEl cadiazgo de Baeza y el funcionamiento de la justicia en una localidad fronteriza en el periodo almor\u00e1vide\u201d,<\/p>\n<\/div>\n<p><strong><span style=\"text-decoration: underline\">Organizaci\u00f3n de reuniones cient\u00edficas:<\/span><\/strong><\/p>\n<p><strong>Reuni\u00f3n-Mesa Redonda: 4-5 de noviembre de 2014, Universidad de Salamanca, Facultad de Filolog\u00eda (Sala de Juntas) Programa de la Mesa Redond<\/strong><\/p>\n<p>T\u00edtulo del coloquio: &#8220;Hagiograf\u00edas y cuestiones de identidad cultural y religiosa en el Occidente isl\u00e1mico&#8221;, Organizaci\u00f3n Rachid El Hour y Manuela Mar\u00edn<\/p>\n<p>Participantes:<\/p>\n<p>Porfa. Dra. Manuela Mar\u00edn, CSIC<\/p>\n<p>Prof. Dr. Rachid El Hour, Usal<\/p>\n<p>Prof. Dr. Mohamed Benkirane, Universidad de Knitra, Marruecos<\/p>\n<p>Prof. Dr. Mohamed Cherif, Universidad Abdel malek Essaadi, Tetu\u00e1n, Marruecos<\/p>\n<p>Virginia V\u00e1zquez, Alumna de Doctrado, Usal<\/p>\n<p>Porf. Hassan Elboudrari, CNRS, Par\u00eds.<\/p>\n<p>Prof. Dr. Jaime Coullaut, Usal<\/p>\n<p>&nbsp;<\/p>\n<p>Publicaciones recientes:<\/p>\n<p>Rachid El Hour,<\/p>\n<p>Libro:<\/p>\n<p>2016\u00a0\u00a0 Con Manuela Mar\u00edn, Memoria y presencia de las mujeres santas en Alcazarquivir (Marruecos). Transmisi\u00f3n oral y tradici\u00f3n escrita, Salamanca: ediciones Salamanca (en prensa)<\/p>\n<p>2016: \u201cDe nuevo sobre la organizaci\u00f3n de la justicia en el levante Andalus\u00ed. El caso especial de Alcira\u201d, <i>Anaquel de Estudios \u00c1rabes<\/i>, 27, 29-41.<\/p>\n<p>2015: \u201cLos documentos \u00e1rabes argelinos in\u00e9ditos del Archivo General de\u00a0 Simancas\u201d, Hesperia 19 (2015), pp. 33-46.<\/p>\n<p>2015\u00a0\u00a0\u00a0 \u201c\u00a0Reflexiones acerca de las dinast\u00edas bereberes y lengua bereber en el Magreb medieval\u201d, <i>Miscelanea de Estudios \u00c1rabes y Hebraicos. Secci\u00f3n \u00c1rabe-Islam<\/i>, vol. 64 (2015), pp. 43-55.<\/p>\n<p>2015\u00a0\u00a0\u00a0 \u201cLos documentos \u00e1rabes argelinos in\u00e9ditos del Archivo General de Simancas. una reflexi\u00f3n hist\u00f3rica\u201d, <i>Hesperia<\/i> 19 (en prensa)<\/p>\n<p><b>\u00a0<\/b>2015\u00a0\u00a0\u00a0 \u201cEl cadiazgo de Baeza y el funcionamiento de la justicia en una localidad fronteriza en el periodo almor\u00e1vide\u201d, en Francisco Toro Ceballos y Jos\u00e9 Rodr\u00edguez Molina (coords.),<i> Estudios\u00a0 de Frontera-9. Econom\u00eda, Derecho y Sociedad en la Frontera, <\/i>Ja\u00e9n: Instituto de Estudios Gienenses (en prensa)<\/p>\n<p>2015\u00a0\u00a0\u00a0 \u201cTaifas, almor\u00e1vides y almohades\u201d en <i>Enciclopedia Kuwait\u00ed<\/i>, Barcelona (en prensa)<\/p>\n<p>2015\u00a0\u00a0\u00a0 \u201cQuelques r\u00e9flexions sur la charit\u00e9 dans l\u2019occident musulman. Le cas du <i>tu<\/i><i>h<\/i><i>fat al-mugtarib<\/i> d\u2019al-Qashtali, ouvrage hagiographique de l\u2019\u00e9poque nasride\u201d, <i>26th Congr\u00e8s International de la Union Europ\u00e9enne des Arabisants et Islamisants <\/i>(UEAI) (Arabis Studies in Europe and Beyond), Basel\u00a0: University of Basel, pp. 191-204 (en prensa)<\/p>\n<p>2014 \u00a0\u00a0 \u201cSome reflexions about the use of the Berber language in the Medieval Maghreb:<\/p>\n<p>Data from hagiographic sources\u201d, <i>Al-Mas\u00e2q<\/i>, 26-3 (2014), pp. 288-298<\/p>\n<p>2014\u00a0\u00a0\u00a0 \u201c Pauvret\u00e9, charit\u00e9 et traditions culinaires des soufis-sanints d\u2019apr\u00e8s les sources hagiographiques maghr\u00e9bines (XII\u00e8me-XIV\u00e8me si\u00e8cles)\u201c\u00a0\u00a0\u00a0\u00a0\u00a0\u00a0\u00a0 <i>Journal\u00a0 of Sufi Studies\u00a0 <\/i>3 (2014), pp. 157-182<\/p>\n<p>2014\u00a0\u00a0\u00a0 \u201cDe nuevo sobre la organizaci\u00f3n de la\u00a0 justicia en al-Andalus perif\u00e9rico en \u00e9poca almor\u00e1vide: el caso de Quesada\u201d en Francisco Toro Ceballos y Jos\u00e9 Rodr\u00edguez Molina (coords.),<i> Estudios \u00a0de Frontera-9. Econom\u00eda, Derecho y Sociedad en la Frontera, <\/i>Ja\u00e9n: Instituto de Estudios Gienenses, pp. 311-316.<\/p>\n<p>2014\u00a0\u00a0\u00a0 \u201cQuelques r\u00e9flexions sur la charit\u00e9 dans l\u2019occident musulman. Le cas du <i>tu<\/i><i>h<\/i><i>fatal-mugtarib<\/i> d\u2019al-Qashtali, ouvrage hagiographique de l\u2019\u00e9poque nasride\u201d, <i>26th Congr\u00e8s International de la Union Europ\u00e9enne des Arabisants et Islamisants <\/i>(UEAI), Basel\u00a0: University of Basel (en prensa)<\/p>\n<p>2013\u00a0\u00a0\u00a0 \u201cReflexiones acerca de los documentos \u00e1rabes in\u00e9ditos del siglo XVI del Archivo general de Simancas\u201d, <i>Cuadernos del Instituto Historia de la Lengua<\/i> 8 (2013), pp. 87-104<\/p>\n<p>2013\u00a0\u00a0\u00a0 \u201cEL cadiazgo de Izn\u00e1jar en \u00e9poca almor\u00e1vide. una propuesta de an\u00e1lisis\u201d en M.\u00c1. Manzano y R. El Hour (eds), <em>Pol\u00edtica, sociedad e identidades en el occidente isl\u00e1mico<\/em>,\u00a0 Salamanca: Ediciones Salamanca (en prensa)<\/p>\n<p>2013\u00a0\u00a0\u00a0 <b>\u201c<\/b>Una obra de fiqh maliki en al-andalus. El caso de kitab zahrat al-rawd fi taljis taqdir al-fard de Ibn Baq (s. XIV)\u201d, Rabat (en prensa)<\/p>\n","protected":false},"excerpt":{"rendered":"<p>Actividades dentro del Marco del Proyecto de Investigaci\u00f3n: &#8220;Hagiograf\u00edas y Literatura hagiogr\u00e1ficas en al-Andalus y el Magreb desde la \u00e9poca medieval hasta la actualidad: cuestiones de identidad cultural y religiosa&#8221; (N\u00ba Refrencia FFI2011, 24049): Continuaci\u00f3n Congresos y reuniones cient\u00edficas 16. Rachid El Hour, Congreso Internacional, &#8220;Lenguas, memorias y lecturas de la alteridad, Jbala, Ghomara y &hellip; <\/p>\n<p class=\"link-more\"><a href=\"https:\/\/generoysantidadmarruecos.usal.es\/en\/proyectos-de-investigacion2\/\" class=\"more-link\">Continue reading<span class=\"screen-reader-text\"> &#8220;Proyecto de investigaci\u00f3n I+D+I 2011 (continuaci\u00f3n)&#8221;<\/span><\/a><\/p>\n","protected":false},"author":92,"featured_media":0,"parent":0,"menu_order":0,"comment_status":"closed","ping_status":"open","template":"","meta":{"footnotes":""},"class_list":["post-447","page","type-page","status-publish","hentry"],"aioseo_notices":[],"_links":{"self":[{"href":"https:\/\/generoysantidadmarruecos.usal.es\/en\/wp-json\/wp\/v2\/pages\/447","targetHints":{"allow":["GET"]}}],"collection":[{"href":"https:\/\/generoysantidadmarruecos.usal.es\/en\/wp-json\/wp\/v2\/pages"}],"about":[{"href":"https:\/\/generoysantidadmarruecos.usal.es\/en\/wp-json\/wp\/v2\/types\/page"}],"author":[{"embeddable":true,"href":"https:\/\/generoysantidadmarruecos.usal.es\/en\/wp-json\/wp\/v2\/users\/92"}],"replies":[{"embeddable":true,"href":"https:\/\/generoysantidadmarruecos.usal.es\/en\/wp-json\/wp\/v2\/comments?post=447"}],"version-history":[{"count":0,"href":"https:\/\/generoysantidadmarruecos.usal.es\/en\/wp-json\/wp\/v2\/pages\/447\/revisions"}],"wp:attachment":[{"href":"https:\/\/generoysantidadmarruecos.usal.es\/en\/wp-json\/wp\/v2\/media?parent=447"}],"curies":[{"name":"wp","href":"https:\/\/api.w.org\/{rel}","templated":true}]}}