{"id":112,"date":"2012-05-30T16:06:04","date_gmt":"2012-05-30T16:06:04","guid":{"rendered":"http:\/\/diarium.usal.es\/raelhour\/?page_id=112"},"modified":"2022-01-21T08:08:25","modified_gmt":"2022-01-21T08:08:25","slug":"equipo","status":"publish","type":"page","link":"https:\/\/generoysantidadmarruecos.usal.es\/en\/equipo\/","title":{"rendered":"Docencia"},"content":{"rendered":"<p><strong><span style=\"text-decoration: underline\">Grado de Estudios \u00c1rabes e Isl\u00e1micos<\/span>:<\/strong><\/p>\n<p>Materias impartidas:<\/p>\n<p><a href=\"http:\/\/web.usal.es\/~mmanzano\/\" target=\"_blank\" rel=\"noopener\">\u00c1rabe I<\/a> (con el prof. Manzano):<\/p>\n<p><a href=\"http:\/\/web.usal.es\/~mmanzano\/\" target=\"_blank\" rel=\"noopener\">\u00c1rabe II<\/a> (con el prof. Manzano):<\/p>\n<p>Dialectolog\u00eda \u00c1rabe:<\/p>\n<p>Historiograf\u00eda \u00c1raboisl\u00e1mica (con los profs. del \u00c1rea):<\/p>\n<p>Islam Moderno y contempor\u00e1neo:<\/p>\n<p>Islamolog\u00eda (con los profs. del \u00c1rea)<\/p>\n<p>\u00c1rabe VIII (con los profrs. M.C. V\u00e1zquez y M.\u00c1. Manzano)<\/p>\n<p><strong><span style=\"text-decoration: underline\">Licenciatura en Filolog\u00eda \u00c1rabe<\/span>:<\/strong><\/p>\n<p>\u00c1rabe hablado (con el profesor M.A. Manzano):<\/p>\n<p>Derecho isl\u00e1mico e Instituciones:<\/p>\n<p>Literatura \u00c1rabe IV:<\/p>\n<p>Dialectolog\u00eda \u00c1rabe:<\/p>\n<p><strong>M\u00e1ster<\/strong> del Instituto de Estudios Medievales y Renacentistas, USAL:<\/p>\n<p>Materia: Editi\u00f3n y estudio de textos medievales \u00e1rabes (Historiograf\u00eda \u00e1rabe sobre de al-Andalus y la sociedad andalus\u00ed). (Con Profesora Concha V\u00e1zquez)<\/p>\n<p><strong><span style=\"text-decoration: underline\">Trabajos de Fin de Grado de Estudios Arabes e isl\u00e1micos, 2013-2014<br \/>\n<\/span><\/strong><\/p>\n<p>Temas de investigaci\u00f3n que pueden elegir los alumnos de Grado de Estudios \u00c1rabes e Isl\u00e1micos de la USAL<\/p>\n<p class=\"MsoNormal\"><b>Con fecha del 17 de septiembre de 2013<\/b>, le informo de que la Comisi\u00f3n de los Trabajos de Fin de Grado del \u00c1rea de Estudios \u00c1rabes e Isl\u00e1micos, del Departamento de Lengua Espa\u00f1ola, ACORD\u00d3 la siguiente lista de temas que pueden elegir los alumnos del Grado de Estudios \u00c1rabes y Isl\u00e1micos para llevar acabo sus trabajos de Fin de Grado correspondientes al curso 2013-2104.<span>\u00a0 <\/span><\/p>\n<p class=\"MsoNormal\">\u00a0Rachid El Hour Amro,<\/p>\n<p class=\"MsoNormal\">Coordinador de Grado de Estudios \u00c1rabes e Isl\u00e1micos<\/p>\n<p class=\"MsoNormal\">TEMA I:\u00a0 Lengua y dialectolog\u00eda \u00e1rabes (gram\u00e1tica, variedades ling\u00fc\u00edsticas e historia de la Lengua).<\/p>\n<p class=\"MsoNormal\">\u00a0TEMA II: Literatura \u00e1rabe medieval, moderna y contempor\u00e1nea (Al-Andalus, Magreb y Oriente).<\/p>\n<p class=\"MsoNormal\">TEMAS III: Derecho e instituciones isl\u00e1micas (Magreb, al-Andalus y Oriente.<\/p>\n<p class=\"MsoNormal\">TEMA IV: Historia y sociedad araboisl\u00e1micas: Al-Andalus, Magreb y Oriente (historia y ciencias auxiliares, ciencias religiosas, historiograf\u00eda e islamolog\u00eda).<\/p>\n<p class=\"MsoNormal\">\u00a0TEMA V: Historia de la ciencia y pensamiento araboisl\u00e1micos (ciencias experimentales, medicina, filosof\u00eda y pensamiento isl\u00e1mico).<\/p>\n<p>TEMA VI: Paleograf\u00eda y edici\u00f3n de textos \u00e1rabes.<\/p>\n<p><!--[if gte mso 9]&gt;--><\/p>\n<p><b><span style=\"font-size: 11.5pt;color: black\">ADSCRIPCI\u00d3N DE LOS PROFESORES-TUTORES A LOS TEMAS DE INVESTIGACI\u00d3N QUE PUEDEN ELEGIR LOS ALUMNOS PARA REALIZAR SUS TRABAJOS DE FIN DE GRADO. <\/span><\/b><\/p>\n<p class=\"MsoNormal\"><b><span style=\"font-size: 11.5pt;color: black\">\u00a0<\/span><\/b><\/p>\n<p class=\"MsoNormal\"><b><span style=\"font-size: 11.5pt;color: black\">PROFA. DRA. MAR\u00cdA DE LA CONCEPCI\u00d3N V\u00c1ZQUEZ <\/span><\/b><\/p>\n<p class=\"MsoNormal\"><span style=\"font-size: 11.5pt;color: black\">TEMA IV <\/span><\/p>\n<p class=\"MsoNormal\"><span style=\"font-size: 11.5pt;color: black\">Historia y sociedad araboisl\u00e1micas: Al-Andalus, Magreb y Oriente (historia y ciencias auxiliares, ciencias religiosas, historiograf\u00eda e islamolog\u00eda). <\/span><\/p>\n<p class=\"MsoNormal\"><span style=\"font-size: 11.5pt;color: black\">TEMA V <\/span><\/p>\n<p class=\"MsoNormal\"><span style=\"font-size: 11.5pt;color: black\">Historia de la ciencia y pensamiento araboisl\u00e1micos (ciencias experimentales, medicina, filosof\u00eda y pensamiento isl\u00e1mico). <\/span><\/p>\n<p class=\"MsoNormal\"><span style=\"font-size: 11.5pt;color: black\">TEMA VI <\/span><\/p>\n<p class=\"MsoNormal\"><span style=\"font-size: 11.5pt;color: black\">Paleograf\u00eda y edici\u00f3n de textos \u00e1rabes <\/span><\/p>\n<p class=\"MsoNormal\"><b><span style=\"font-size: 11.5pt;color: black\">\u00a0<\/span><\/b><\/p>\n<p class=\"MsoNormal\"><b><span style=\"font-size: 11.5pt;color: black\">PROF. DR. MIGUEL \u00c1NGEL MANZANO <\/span><\/b><\/p>\n<p class=\"MsoNormal\"><span style=\"font-size: 11.5pt;color: black\">TEMA I <\/span><\/p>\n<p class=\"MsoNormal\"><span style=\"font-size: 11.5pt;color: black\">Lengua y dialectolog\u00eda \u00e1rabes (gram\u00e1tica, variedades ling\u00fc\u00edsticas e historia de la Lengua). <\/span><\/p>\n<p class=\"MsoNormal\"><span style=\"font-size: 11.5pt;color: black\">TEMA IV <\/span><\/p>\n<p class=\"MsoNormal\"><span style=\"font-size: 11.5pt;color: black\">Historia y sociedad araboisl\u00e1micas: Al-Andalus, Magreb y Oriente (historia y ciencias auxiliares, ciencias religiosas, historiograf\u00eda e islamolog\u00eda). <\/span><\/p>\n<p class=\"MsoNormal\"><b><span style=\"font-size: 11.5pt;color: black\">\u00a0<\/span><\/b><\/p>\n<p class=\"MsoNormal\"><b><span style=\"font-size: 11.5pt;color: black\">PROF. DR RACHID EL HOUR <\/span><\/b><\/p>\n<p class=\"MsoNormal\"><span style=\"font-size: 11.5pt;color: black\">TEMA 2 <\/span><\/p>\n<p class=\"MsoNormal\"><span style=\"font-size: 11.5pt;color: black\">Literatura \u00e1rabe medieval, moderna y contempor\u00e1nea (Al-Andalus, Magreb y Oriente). <\/span><\/p>\n<p class=\"MsoNormal\"><span style=\"font-size: 11.5pt;color: black\">TEMA III <\/span><\/p>\n<p class=\"MsoNormal\"><span style=\"font-size: 11.5pt;color: black\">Derecho e instituciones isl\u00e1micas (Magreb, al-Andalus y Oriente <\/span><\/p>\n<p class=\"MsoNormal\"><span style=\"font-size: 11.5pt;color: black\">TEMA IV <\/span><\/p>\n<p class=\"MsoNormal\"><span style=\"font-size: 11.5pt;color: black\">Historia y sociedad araboisl\u00e1micas: Al-Andalus, Magreb y Oriente (historia y ciencias auxiliares, ciencias religiosas, historiograf\u00eda e islamolog\u00eda). <\/span><\/p>\n<p class=\"MsoNormal\"><b><span style=\"font-size: 11.5pt;color: black\">\u00a0<\/span><\/b><\/p>\n<p class=\"MsoNormal\"><b><span style=\"font-size: 11.5pt;color: black\">PROF. DR PEDRO BUEND\u00cdA <\/span><\/b><\/p>\n<p class=\"MsoNormal\"><span style=\"font-size: 11.5pt;color: black\">TEMA II <\/span><\/p>\n<p class=\"MsoNormal\"><span style=\"font-size: 11.5pt;color: black\">Literatura \u00e1rabe medieval, moderna y contempor\u00e1nea (Al-Andalus, Magreb y Oriente). <\/span><\/p>\n<p class=\"MsoNormal\"><span style=\"font-size: 11.5pt;color: black\">TEMA IV <\/span><\/p>\n<p class=\"MsoNormal\"><span style=\"font-size: 11.5pt;color: black\">Historia y sociedad araboisl\u00e1micas: Al-Andalus, Magreb y Oriente (historia y ciencias auxiliares, ciencias religiosas, historiograf\u00eda e islamolog\u00eda). <\/span><\/p>\n<p class=\"MsoNormal\"><b><span style=\"font-size: 11.5pt;color: black\">\u00a0<\/span><\/b><\/p>\n<p class=\"MsoNormal\"><b><span style=\"font-size: 11.5pt;color: black\">PROF. DR. JAIME COULLAUT CORDERO. <\/span><\/b><\/p>\n<p class=\"MsoNormal\"><span style=\"font-size: 11.5pt;color: black\">TEMA V <\/span><\/p>\n<p class=\"MsoNormal\"><span style=\"font-size: 11.5pt;color: black\">Historia de la ciencia y pensamiento araboisl\u00e1micos (ciencias experimentales, medicina, filosof\u00eda y pensamiento isl\u00e1mico). <\/span><\/p>\n<p class=\"MsoNormal\"><span style=\"font-size: 11.5pt;color: black\">TEMA VI <\/span><\/p>\n<p class=\"MsoNormal\"><span style=\"font-size: 11.5pt;color: black\">Paleograf\u00eda y edici\u00f3n de textos \u00e1rabes<\/span><\/p>\n<p>&nbsp;<\/p>","protected":false},"excerpt":{"rendered":"<p>Grado de Estudios \u00c1rabes e Isl\u00e1micos: Materias impartidas: \u00c1rabe I (con el prof. Manzano): \u00c1rabe II (con el prof. Manzano): Dialectolog\u00eda \u00c1rabe: Historiograf\u00eda \u00c1raboisl\u00e1mica (con los profs. del \u00c1rea): Islam Moderno y contempor\u00e1neo: Islamolog\u00eda (con los profs. del \u00c1rea) \u00c1rabe VIII (con los profrs. M.C. V\u00e1zquez y M.\u00c1. Manzano) Licenciatura en Filolog\u00eda \u00c1rabe: \u00c1rabe hablado &hellip; <\/p>\n<p class=\"link-more\"><a href=\"https:\/\/generoysantidadmarruecos.usal.es\/en\/equipo\/\" class=\"more-link\">Continue reading<span class=\"screen-reader-text\"> &#8220;Docencia&#8221;<\/span><\/a><\/p>\n","protected":false},"author":92,"featured_media":0,"parent":0,"menu_order":0,"comment_status":"closed","ping_status":"open","template":"","meta":{"footnotes":""},"class_list":["post-112","page","type-page","status-publish","hentry"],"aioseo_notices":[],"_links":{"self":[{"href":"https:\/\/generoysantidadmarruecos.usal.es\/en\/wp-json\/wp\/v2\/pages\/112","targetHints":{"allow":["GET"]}}],"collection":[{"href":"https:\/\/generoysantidadmarruecos.usal.es\/en\/wp-json\/wp\/v2\/pages"}],"about":[{"href":"https:\/\/generoysantidadmarruecos.usal.es\/en\/wp-json\/wp\/v2\/types\/page"}],"author":[{"embeddable":true,"href":"https:\/\/generoysantidadmarruecos.usal.es\/en\/wp-json\/wp\/v2\/users\/92"}],"replies":[{"embeddable":true,"href":"https:\/\/generoysantidadmarruecos.usal.es\/en\/wp-json\/wp\/v2\/comments?post=112"}],"version-history":[{"count":8,"href":"https:\/\/generoysantidadmarruecos.usal.es\/en\/wp-json\/wp\/v2\/pages\/112\/revisions"}],"predecessor-version":[{"id":805,"href":"https:\/\/generoysantidadmarruecos.usal.es\/en\/wp-json\/wp\/v2\/pages\/112\/revisions\/805"}],"wp:attachment":[{"href":"https:\/\/generoysantidadmarruecos.usal.es\/en\/wp-json\/wp\/v2\/media?parent=112"}],"curies":[{"name":"wp","href":"https:\/\/api.w.org\/{rel}","templated":true}]}}